{"id":17,"date":"2019-10-25T16:52:05","date_gmt":"2019-10-25T14:52:05","guid":{"rendered":"http:\/\/modigliani1305.fr\/?page_id=17"},"modified":"2022-07-10T22:04:21","modified_gmt":"2022-07-10T20:04:21","slug":"accueil","status":"publish","type":"page","link":"https:\/\/modigliani1305.fr\/","title":{"rendered":"Accueil"},"content":{"rendered":"<h1>Bienvenue au Modigliani1305 , votre location de vacances \u00ab\u00a0coup de c\u0153ur\u00a0\u00bb \u00e0 CANNES, au calme avec vue mer.<\/h1>\n<p>STUDIO + Cabine pour 4 personnes (2 adultes + 2 enfants) maximum<\/p>\n<p>Vue mer, au calme<\/p>\n<p>R\u00e9sidence Cannes Francia enti\u00e8rement ferm\u00e9e, s\u00e9curis\u00e9e et pi\u00e9tonne. Cette r\u00e9sidence<span style=\"font-size: inherit;\"> est labellis\u00e9e Cl\u00e9 Verte \u00ab\u00a0Green Key\u00a0\u00bb*** (<\/span><span style=\"font-size: inherit;\">1ER LABEL ENVIRONNEMENTAL INTERNATIONAL)<\/span><\/p>\n<p>Piscine \u00e0 d\u00e9bordement avec vue panoramique sur mer et \u00eeles de LERINS<\/p>\n<p>Pataugeoire pour enfants<\/p>\n<p>800M de la plage<\/p>\n<p>2km du centre ville de Cannes et du Palais des Festivals<\/p>\n<p>Parking couvert s\u00e9curis\u00e9 (1m90 de haut maximum)<\/p>\n<p>Arr\u00eat de bus \u00e0 300m&nbsp;<\/p>\n<p>Le parc naturel forestier de la Croix-des-Gardes avec de nombreuses ballades p\u00e9destres \u00e0 1Km<\/p>\n<p><b>Services suppl\u00e9mentaire dans la r\u00e9sidence :<\/b><br>Parc de jeux pour enfants\/Terrain multisport\/Ping Pong\/Terrain de tennis<\/p>\n<p>Une laverie automatique payante est disponible dans la r\u00e9sidence<\/p>\n<p>&nbsp;<\/p>\n\n\n<script async src=\"https:\/\/badge.hotelstatic.com\/embed.js\" data-url=\"https:\/\/www.booking.com\/hotel\/fr\/vue-mer-au-calme-proche-plage-et-palais-des-festivals.html\" data-size=\"146\" data-position=\"inline\" data-clickable=\"true\"><\/script>\n<p>Views: 34504<\/p>","protected":false},"excerpt":{"rendered":"<p>Bienvenue au Modigliani1305 , votre location de vacances \u00ab\u00a0coup de c\u0153ur\u00a0\u00bb \u00e0 CANNES, au calme avec vue mer. STUDIO + Cabine pour 4 personnes (2 adultes + 2 enfants) maximum Vue mer, au calme R\u00e9sidence Cannes Francia enti\u00e8rement ferm\u00e9e, s\u00e9curis\u00e9e et pi\u00e9tonne. Cette r\u00e9sidence est labellis\u00e9e Cl\u00e9 Verte \u00ab\u00a0Green Key\u00a0\u00bb*** (1ER LABEL ENVIRONNEMENTAL INTERNATIONAL) Piscine &hellip; <\/p>\n<p class=\"link-more\"><a href=\"https:\/\/modigliani1305.fr\/\" class=\"more-link\">Continuer la lecture<span class=\"screen-reader-text\"> de &laquo;&nbsp;Accueil&nbsp;&raquo;<\/span><\/a><\/p>\n","protected":false},"author":1,"featured_media":0,"parent":0,"menu_order":0,"comment_status":"closed","ping_status":"closed","template":"","meta":{"ngg_post_thumbnail":0,"footnotes":""},"class_list":["post-17","page","type-page","status-publish","hentry"],"_links":{"self":[{"href":"https:\/\/modigliani1305.fr\/index.php\/wp-json\/wp\/v2\/pages\/17","targetHints":{"allow":["GET"]}}],"collection":[{"href":"https:\/\/modigliani1305.fr\/index.php\/wp-json\/wp\/v2\/pages"}],"about":[{"href":"https:\/\/modigliani1305.fr\/index.php\/wp-json\/wp\/v2\/types\/page"}],"author":[{"embeddable":true,"href":"https:\/\/modigliani1305.fr\/index.php\/wp-json\/wp\/v2\/users\/1"}],"replies":[{"embeddable":true,"href":"https:\/\/modigliani1305.fr\/index.php\/wp-json\/wp\/v2\/comments?post=17"}],"version-history":[{"count":31,"href":"https:\/\/modigliani1305.fr\/index.php\/wp-json\/wp\/v2\/pages\/17\/revisions"}],"predecessor-version":[{"id":544,"href":"https:\/\/modigliani1305.fr\/index.php\/wp-json\/wp\/v2\/pages\/17\/revisions\/544"}],"wp:attachment":[{"href":"https:\/\/modigliani1305.fr\/index.php\/wp-json\/wp\/v2\/media?parent=17"}],"curies":[{"name":"wp","href":"https:\/\/api.w.org\/{rel}","templated":true}]}}