{"id":18,"date":"2019-10-25T16:52:05","date_gmt":"2019-10-25T14:52:05","guid":{"rendered":"http:\/\/modigliani1305.fr\/?page_id=18"},"modified":"2022-05-29T17:41:21","modified_gmt":"2022-05-29T15:41:21","slug":"a-propos-de","status":"publish","type":"page","link":"https:\/\/modigliani1305.fr\/index.php\/a-propos-de\/","title":{"rendered":"Infos utiles"},"content":{"rendered":"\n<p><strong>Comment se rendre \u00e0 Modigliani1305<\/strong><br>Modigliani1305 se trouve au coeur du parc de la r\u00e9sidence CANNES FRANCIA<br><a href=\"https:\/\/goo.gl\/maps\/oVkWXWXKSWdsp71A8\" target=\"_blank\" rel=\"noopener noreferrer\"><font color=\"fuchsia\">Cliquez ici pour voir la fiche et l&rsquo;itineraire sur GOOGLE MAP<\/font><\/a><br>Adresse: 33 avenue de l&rsquo;amiral Wester WEMYSS 06150 CANNES<\/p>\n\n\n\n<p><strong>Acces route :<\/strong> Depuis Paris (900 km) ,Lyon (450 km) ,Toulouse (550 km),Marseille(160 km)<br>&#8211; Prendre l&rsquo;A8, la \u00ab\u00a0Proven\u00e7ale\u00a0\u00bb sortie n\u00b0 41 Cannes-ouest \/ Cannes La Bocca<br>&#8211; Suivre la direction Cannes La Bocca, puis prendre l&rsquo;avenue Francis Tonner et l&rsquo;Avenue du Docteur Picaud<br>&#8211; Au 9\u00e8me feu \u00e0 gauche apr\u00e8s la station-service, remonter le boulevard Leader jusqu&rsquo;au croisement avec l&rsquo;avenue Amiral Wester Wemyss<br>&#8211; Tourner \u00e0 gauche, la r\u00e9sidence est 300 m plus loin<\/p>\n\n\n\n<p> &#8212;&#8212;&#8212;&#8212;&#8212;&#8212;&#8212;&#8212;&#8212;&#8212;- <\/p>\n\n\n\n<p><\/p>\n\n\n\n<p> WAZE et GOOGLE MAP nous connaissent : <\/p>\n\n\n\n<p>Il suffit de demander MODIGLIANI 1305 CANNES<\/p>\n\n\n\n<p>&#8212;&#8212;&#8212;&#8212;&#8212;&#8212;&#8212;&#8212;&#8212;&#8212;&#8211;<\/p>\n\n\n\n<p><strong>Acc\u00e8s train :  <\/strong>GARE TGV DE CANNES (2,6 km),  CANNES LA BOCCA TER ( 1,5km )<\/p>\n\n\n\n<p><strong>Acc\u00e8s avion : <\/strong>A\u00c9ROPORT INTERNATIONAL DE NICE &#8211; COTE D&rsquo;AZUR (27 km)<\/p>\n\n\n\n<p><strong>Acc\u00e8s BUS :<\/strong> Ligne 7 \u00e0 300m de la r\u00e9sidence<\/p>\n\n\n\n<p><b>Stationnement:<\/b>  Un parking couvert et s\u00e9curis\u00e9 et \u00e0 votre disposition (hauteur de vehicule 1m90 maximum)<br>Toutes les places de parking dans un rayon de 1km (du bord de mer au parc de la Croix des gardes) sont gratuites <\/p>\n\n\n\n<p><strong>Info pour les pietons:<\/strong><br>Pour profiter de la <em>vue panoramique sur la mer<\/em>, la residence se trouve \u00e0 50m d&rsquo;altitude, la route pi\u00e9tonne est donc d\u00e9conseill\u00e9e pour les personnes ayant des difficult\u00e9s \u00e0 marcher. <\/p>\n\n\n\n<p>Pour les marcheurs, voici les principales distance \u00e0 pied :<br>800m de la plage du midi et de ses activit\u00e9s nautiques, 1,7km du Suquet (son point de vue unique et son mus\u00e9e de la castre), 2km du Palais des festival et de la Croisette du march\u00e9 de, 1km du Parc de la Croix des Gardes (promenade de sant\u00e9 et plusieurs randonn\u00e9es), 2km du March\u00e9 FORVILLE <\/p>\n<p>Views: 827<\/p>","protected":false},"excerpt":{"rendered":"<p>Comment se rendre \u00e0 Modigliani1305Modigliani1305 se trouve au coeur du parc de la r\u00e9sidence CANNES FRANCIACliquez ici pour voir la fiche et l&rsquo;itineraire sur GOOGLE MAPAdresse: 33 avenue de l&rsquo;amiral Wester WEMYSS 06150 CANNES Acces route : Depuis Paris (900 km) ,Lyon (450 km) ,Toulouse (550 km),Marseille(160 km)&#8211; Prendre l&rsquo;A8, la \u00ab\u00a0Proven\u00e7ale\u00a0\u00bb sortie n\u00b0 41 &hellip; <\/p>\n<p class=\"link-more\"><a href=\"https:\/\/modigliani1305.fr\/index.php\/a-propos-de\/\" class=\"more-link\">Continuer la lecture<span class=\"screen-reader-text\"> de &laquo;&nbsp;Infos utiles&nbsp;&raquo;<\/span><\/a><\/p>\n","protected":false},"author":1,"featured_media":0,"parent":0,"menu_order":0,"comment_status":"closed","ping_status":"closed","template":"","meta":{"ngg_post_thumbnail":0,"footnotes":""},"class_list":["post-18","page","type-page","status-publish","hentry"],"_links":{"self":[{"href":"https:\/\/modigliani1305.fr\/index.php\/wp-json\/wp\/v2\/pages\/18","targetHints":{"allow":["GET"]}}],"collection":[{"href":"https:\/\/modigliani1305.fr\/index.php\/wp-json\/wp\/v2\/pages"}],"about":[{"href":"https:\/\/modigliani1305.fr\/index.php\/wp-json\/wp\/v2\/types\/page"}],"author":[{"embeddable":true,"href":"https:\/\/modigliani1305.fr\/index.php\/wp-json\/wp\/v2\/users\/1"}],"replies":[{"embeddable":true,"href":"https:\/\/modigliani1305.fr\/index.php\/wp-json\/wp\/v2\/comments?post=18"}],"version-history":[{"count":36,"href":"https:\/\/modigliani1305.fr\/index.php\/wp-json\/wp\/v2\/pages\/18\/revisions"}],"predecessor-version":[{"id":526,"href":"https:\/\/modigliani1305.fr\/index.php\/wp-json\/wp\/v2\/pages\/18\/revisions\/526"}],"wp:attachment":[{"href":"https:\/\/modigliani1305.fr\/index.php\/wp-json\/wp\/v2\/media?parent=18"}],"curies":[{"name":"wp","href":"https:\/\/api.w.org\/{rel}","templated":true}]}}